{"id":461,"date":"2025-08-10T02:16:27","date_gmt":"2025-08-09T23:16:27","guid":{"rendered":"https:\/\/kazaliaracalimsatim.net\/?page_id=461"},"modified":"2025-09-09T22:00:44","modified_gmt":"2025-09-09T19:00:44","slug":"cerez-politikamiz","status":"publish","type":"page","link":"https:\/\/kazaliaracalimsatim.net\/en\/cerez-politikamiz\/","title":{"rendered":"Our Cookie Policy"},"content":{"rendered":"<div data-elementor-type=\"wp-page\" data-elementor-id=\"461\" class=\"elementor elementor-461\">\n\t\t\t\t<div class=\"elementor-element elementor-element-881bc0e e-flex e-con-boxed elementor-invisible e-con e-parent\" data-id=\"881bc0e\" data-element_type=\"container\" data-settings=\"{&quot;jet_parallax_layout_list&quot;:[],&quot;animation&quot;:&quot;fadeInUp&quot;}\">\n\t\t\t\t\t<div class=\"e-con-inner\">\n\t\t\t\t<div class=\"elementor-element elementor-element-a285214 elementor-widget elementor-widget-heading\" data-id=\"a285214\" data-element_type=\"widget\" data-widget_type=\"heading.default\">\n\t\t\t\t\t<h2 class=\"elementor-heading-title elementor-size-default\">Cookie Policy\n<\/h2>\t\t\t\t<\/div>\n\t\t\t\t<div class=\"elementor-element elementor-element-90f3f77 elementor-widget elementor-widget-text-editor\" data-id=\"90f3f77\" data-element_type=\"widget\" data-widget_type=\"text-editor.default\">\n\t\t\t\t\t\t\t\t\t<p data-start=\"301\" data-end=\"471\">This Cookie Policy has been prepared to provide information about the use of cookies placed on the devices of users who visit our website.<\/p><p data-start=\"473\" data-end=\"631\">By using our website, you agree to the use of cookies as outlined in this policy. You can change your cookie preferences at any time.<\/p><hr data-start=\"633\" data-end=\"636\" \/><h4 data-start=\"638\" data-end=\"660\"><strong data-start=\"641\" data-end=\"660\">1. What is a Cookie?<\/strong><\/h4><p data-start=\"661\" data-end=\"870\">Cookies are small text files that are saved on your device through your browser when you visit a website. Cookies allow us to recognize your device during your visit to the site and on subsequent visits.<\/p><hr data-start=\"872\" data-end=\"875\" \/><h4 data-start=\"877\" data-end=\"911\"><strong data-start=\"880\" data-end=\"911\">2. Types of Cookies Used<\/strong><\/h4><p data-start=\"912\" data-end=\"965\">The following types of cookies may be used on our website:<\/p><ul data-start=\"967\" data-end=\"1611\"><li data-start=\"967\" data-end=\"1107\"><p data-start=\"969\" data-end=\"1107\"><strong data-start=\"969\" data-end=\"990\">Mandatory Cookies:<\/strong> These cookies are essential for the website to function. They enable basic functions such as logging in, security, and filling out forms.<\/p><\/li><li data-start=\"1108\" data-end=\"1239\"><p data-start=\"1110\" data-end=\"1239\"><strong data-start=\"1110\" data-end=\"1135\">Performance Cookies:<\/strong> Used to analyze site traffic and usage statistics. Does not identify users.<\/p><\/li><li data-start=\"1240\" data-end=\"1343\"><p data-start=\"1242\" data-end=\"1343\"><strong data-start=\"1242\" data-end=\"1264\">Functional Cookies:<\/strong> It improves the user experience by remembering your preferences (language, region, etc.).<\/p><\/li><li data-start=\"1344\" data-end=\"1488\"><p data-start=\"1346\" data-end=\"1488\"><strong data-start=\"1346\" data-end=\"1380\">Advertising and Targeting Cookies:<\/strong> Used to show you personalised ads based on your interests (with explicit consent).<\/p><\/li><li data-start=\"1489\" data-end=\"1611\"><p data-start=\"1491\" data-end=\"1611\"><strong data-start=\"1491\" data-end=\"1518\">Third Party Cookies:<\/strong> Analytics tools may be embedded by advertising networks or social media platforms.<\/p><\/li><\/ul><hr data-start=\"1613\" data-end=\"1616\" \/><h4 data-start=\"1618\" data-end=\"1656\"><strong data-start=\"1621\" data-end=\"1656\">3. Purposes of Use of Cookies<\/strong><\/h4><p data-start=\"1657\" data-end=\"1701\">Cookies may be used for the following purposes:<\/p><ul data-start=\"1702\" data-end=\"1912\"><li data-start=\"1702\" data-end=\"1757\"><p data-start=\"1704\" data-end=\"1757\">Ensuring the safe and efficient operation of the website<\/p><\/li><li data-start=\"1758\" data-end=\"1793\"><p data-start=\"1760\" data-end=\"1793\">Remembering user preferences<\/p><\/li><li data-start=\"1794\" data-end=\"1828\"><p data-start=\"1796\" data-end=\"1828\">Generating traffic statistics<\/p><\/li><li data-start=\"1829\" data-end=\"1876\"><p data-start=\"1831\" data-end=\"1876\">Providing content and advertising tailored to your interests<\/p><\/li><li data-start=\"1877\" data-end=\"1912\"><p data-start=\"1879\" data-end=\"1912\">Improving user experience<\/p><\/li><\/ul><hr data-start=\"1914\" data-end=\"1917\" \/><h4 data-start=\"1919\" data-end=\"1961\"><strong data-start=\"1922\" data-end=\"1961\">4. Management and Deletion of Cookies<\/strong><\/h4><p data-start=\"1962\" data-end=\"2142\">You can block, delete or receive warnings for cookies through your browser settings.<br data-start=\"2047\" data-end=\"2050\" \/>You can obtain information from the following links depending on the browser used:<\/p><ul data-start=\"2144\" data-end=\"2451\"><li data-start=\"2144\" data-end=\"2211\"><p data-start=\"2146\" data-end=\"2211\"><a class=\"cursor-pointer\" target=\"_new\" rel=\"noopener\" data-start=\"2146\" data-end=\"2209\">Google Chrome<\/a><\/p><\/li><li data-start=\"2212\" data-end=\"2277\"><p data-start=\"2214\" data-end=\"2277\"><a class=\"cursor-pointer\" target=\"_new\" rel=\"noopener\" data-start=\"2214\" data-end=\"2275\">Mozilla Firefox<\/a><\/p><\/li><li data-start=\"2278\" data-end=\"2378\"><p data-start=\"2280\" data-end=\"2378\"><a class=\"cursor-pointer\" target=\"_new\" rel=\"noopener\" data-start=\"2280\" data-end=\"2376\">Microsoft Edge<\/a><\/p><\/li><li data-start=\"2379\" data-end=\"2451\"><p data-start=\"2381\" data-end=\"2451\"><a class=\"cursor-pointer\" target=\"_new\" rel=\"noopener\" data-start=\"2381\" data-end=\"2449\">Safari<\/a><\/p><\/li><\/ul><p data-start=\"2453\" data-end=\"2544\">If you disable cookies, some parts of our website may not function properly.<\/p><hr data-start=\"2546\" data-end=\"2549\" \/><h4 data-start=\"2551\" data-end=\"2583\"><strong data-start=\"2554\" data-end=\"2583\">5. Third Party Cookies<\/strong><\/h4><p data-start=\"2584\" data-end=\"2799\">Our website may use cookies from third-party service providers, such as Google Analytics and Facebook Pixel. You can find more information about these cookies in their respective policies.<\/p><hr data-start=\"2801\" data-end=\"2804\" \/><h4 data-start=\"2806\" data-end=\"2850\"><strong data-start=\"2809\" data-end=\"2850\">6. Your Rights Under KVKK and GDPR<\/strong><\/h4><p data-start=\"2851\" data-end=\"2941\">Regarding your personal data processed through cookies within the scope of KVKK and GDPR:<\/p><ul data-start=\"2942\" data-end=\"3080\"><li data-start=\"2942\" data-end=\"2963\"><p data-start=\"2944\" data-end=\"2963\">Request access<\/p><\/li><li data-start=\"2964\" data-end=\"2987\"><p data-start=\"2966\" data-end=\"2987\">Requesting correction<\/p><\/li><li data-start=\"2988\" data-end=\"3008\"><p data-start=\"2990\" data-end=\"3008\">Request deletion<\/p><\/li><li data-start=\"3009\" data-end=\"3031\"><p data-start=\"3011\" data-end=\"3031\">Restricting processing<\/p><\/li><li data-start=\"3032\" data-end=\"3080\"><p data-start=\"3034\" data-end=\"3080\">Objection to processing<br data-start=\"3054\" data-end=\"3057\" \/>You have the rights.<\/p><\/li><\/ul><p data-start=\"3082\" data-end=\"3172\">To exercise your rights, you can contact us through the communication channels on our website.<\/p><hr data-start=\"3174\" data-end=\"3177\" \/><h4 data-start=\"3179\" data-end=\"3212\"><strong data-start=\"3182\" data-end=\"3212\">7. Policy Changes<\/strong><\/h4><p data-start=\"3213\" data-end=\"3321\">This Cookie Policy may be updated from time to time. The current version will come into effect when published on our website.<\/p>\t\t\t\t\t\t\t\t<\/div>\n\t\t\t\t\t<\/div>\n\t\t\t\t<\/div>\n\t\t\t\t<\/div>","protected":false},"excerpt":{"rendered":"<p>Cookie Policy This Cookie Policy has been prepared to provide information about the use of cookies placed on the devices of users visiting our website. By using our website, you agree to the use of cookies as outlined in this policy. You can change your cookie preferences at any time. 1. What are Cookies? Cookies are small text files saved on your device through your browser when you visit a website. [\u2026]<\/p>","protected":false},"author":1,"featured_media":634,"parent":0,"menu_order":0,"comment_status":"closed","ping_status":"closed","template":"elementor_header_footer","meta":{"_acf_changed":false,"footnotes":""},"class_list":["post-461","page","type-page","status-publish","has-post-thumbnail","hentry"],"acf":[],"yoast_head":"<!-- This site is optimized with the Yoast SEO plugin v25.6 - https:\/\/yoast.com\/wordpress\/plugins\/seo\/ -->\n<title>Pert, A\u011f\u0131r Hasarl\u0131 ve Kazal\u0131 Ara\u00e7 Al\u0131m Sat\u0131m<\/title>\n<meta name=\"description\" content=\"Pert, a\u011f\u0131r hasarl\u0131, kazal\u0131 ve sa\u011flam ara\u00e7 al\u0131m sat\u0131m\u0131. Uzman ekspertiz, \u015feffaf fiyat ve g\u00fcvenli sat\u0131\u015f garantisiyle arac\u0131n\u0131z\u0131 h\u0131zl\u0131ca sat\u0131n veya sat\u0131n!\" \/>\n<meta name=\"robots\" content=\"index, follow, max-snippet:-1, max-image-preview:large, max-video-preview:-1\" \/>\n<link rel=\"canonical\" href=\"https:\/\/kazaliaracalimsatim.net\/en\/cerez-politikamiz\/\" \/>\n<meta property=\"og:locale\" content=\"en_US\" \/>\n<meta property=\"og:type\" content=\"article\" \/>\n<meta property=\"og:title\" content=\"Pert, A\u011f\u0131r Hasarl\u0131 ve Kazal\u0131 Ara\u00e7 Al\u0131m Sat\u0131m\" \/>\n<meta property=\"og:description\" content=\"Pert, a\u011f\u0131r hasarl\u0131, kazal\u0131 ve sa\u011flam ara\u00e7 al\u0131m sat\u0131m\u0131. Uzman ekspertiz, \u015feffaf fiyat ve g\u00fcvenli sat\u0131\u015f garantisiyle arac\u0131n\u0131z\u0131 h\u0131zl\u0131ca sat\u0131n veya sat\u0131n!\" \/>\n<meta property=\"og:url\" content=\"https:\/\/kazaliaracalimsatim.net\/en\/cerez-politikamiz\/\" \/>\n<meta property=\"og:site_name\" content=\"Pert &amp; Hasarl\u0131 Ara\u00e7 Al\u0131m Sat\u0131m Platformu\" \/>\n<meta property=\"article:modified_time\" content=\"2025-09-09T19:00:44+00:00\" \/>\n<meta property=\"og:image\" content=\"https:\/\/kazaliaracalimsatim.net\/wp-content\/uploads\/2025\/09\/cropped-Hasarli-Arac-Alim-Satim-favicon.png\" \/>\n\t<meta property=\"og:image:width\" content=\"512\" \/>\n\t<meta property=\"og:image:height\" content=\"512\" \/>\n\t<meta property=\"og:image:type\" content=\"image\/png\" \/>\n<meta name=\"twitter:card\" content=\"summary_large_image\" \/>\n<meta name=\"twitter:label1\" content=\"Est. reading time\" \/>\n\t<meta name=\"twitter:data1\" content=\"3 minutes\" \/>\n<script type=\"application\/ld+json\" class=\"yoast-schema-graph\">{\"@context\":\"https:\/\/schema.org\",\"@graph\":[{\"@type\":\"WebPage\",\"@id\":\"https:\/\/kazaliaracalimsatim.net\/cerez-politikamiz\/\",\"url\":\"https:\/\/kazaliaracalimsatim.net\/cerez-politikamiz\/\",\"name\":\"Pert, A\u011f\u0131r Hasarl\u0131 ve Kazal\u0131 Ara\u00e7 Al\u0131m Sat\u0131m\",\"isPartOf\":{\"@id\":\"https:\/\/kazaliaracalimsatim.net\/#website\"},\"primaryImageOfPage\":{\"@id\":\"https:\/\/kazaliaracalimsatim.net\/cerez-politikamiz\/#primaryimage\"},\"image\":{\"@id\":\"https:\/\/kazaliaracalimsatim.net\/cerez-politikamiz\/#primaryimage\"},\"thumbnailUrl\":\"https:\/\/kazaliaracalimsatim.net\/wp-content\/uploads\/2025\/09\/cropped-Hasarli-Arac-Alim-Satim-favicon.png\",\"datePublished\":\"2025-08-09T23:16:27+00:00\",\"dateModified\":\"2025-09-09T19:00:44+00:00\",\"description\":\"Pert, a\u011f\u0131r hasarl\u0131, kazal\u0131 ve sa\u011flam ara\u00e7 al\u0131m sat\u0131m\u0131. Uzman ekspertiz, \u015feffaf fiyat ve g\u00fcvenli sat\u0131\u015f garantisiyle arac\u0131n\u0131z\u0131 h\u0131zl\u0131ca sat\u0131n veya sat\u0131n!\",\"breadcrumb\":{\"@id\":\"https:\/\/kazaliaracalimsatim.net\/cerez-politikamiz\/#breadcrumb\"},\"inLanguage\":\"en-US\",\"potentialAction\":[{\"@type\":\"ReadAction\",\"target\":[\"https:\/\/kazaliaracalimsatim.net\/cerez-politikamiz\/\"]}]},{\"@type\":\"ImageObject\",\"inLanguage\":\"en-US\",\"@id\":\"https:\/\/kazaliaracalimsatim.net\/cerez-politikamiz\/#primaryimage\",\"url\":\"https:\/\/kazaliaracalimsatim.net\/wp-content\/uploads\/2025\/09\/cropped-Hasarli-Arac-Alim-Satim-favicon.png\",\"contentUrl\":\"https:\/\/kazaliaracalimsatim.net\/wp-content\/uploads\/2025\/09\/cropped-Hasarli-Arac-Alim-Satim-favicon.png\",\"width\":512,\"height\":512},{\"@type\":\"BreadcrumbList\",\"@id\":\"https:\/\/kazaliaracalimsatim.net\/cerez-politikamiz\/#breadcrumb\",\"itemListElement\":[{\"@type\":\"ListItem\",\"position\":1,\"name\":\"Anasayfa\",\"item\":\"https:\/\/kazaliaracalimsatim.net\/\"},{\"@type\":\"ListItem\",\"position\":2,\"name\":\"\u00c7erez Politikam\u0131z\"}]},{\"@type\":\"WebSite\",\"@id\":\"https:\/\/kazaliaracalimsatim.net\/#website\",\"url\":\"https:\/\/kazaliaracalimsatim.net\/\",\"name\":\"Pert &amp; Hasarl\u0131 Ara\u00e7 Al\u0131m Sat\u0131m Platformu\",\"description\":\"A\u011f\u0131r hasarl\u0131 ara\u00e7 al\u0131m sat\u0131m\u0131nda uzman ekip.\",\"potentialAction\":[{\"@type\":\"SearchAction\",\"target\":{\"@type\":\"EntryPoint\",\"urlTemplate\":\"https:\/\/kazaliaracalimsatim.net\/?s={search_term_string}\"},\"query-input\":{\"@type\":\"PropertyValueSpecification\",\"valueRequired\":true,\"valueName\":\"search_term_string\"}}],\"inLanguage\":\"en-US\"}]}<\/script>\n<!-- \/ Yoast SEO plugin. -->","yoast_head_json":{"title":"Pert, A\u011f\u0131r Hasarl\u0131 ve Kazal\u0131 Ara\u00e7 Al\u0131m Sat\u0131m","description":"Pert, a\u011f\u0131r hasarl\u0131, kazal\u0131 ve sa\u011flam ara\u00e7 al\u0131m sat\u0131m\u0131. Uzman ekspertiz, \u015feffaf fiyat ve g\u00fcvenli sat\u0131\u015f garantisiyle arac\u0131n\u0131z\u0131 h\u0131zl\u0131ca sat\u0131n veya sat\u0131n!","robots":{"index":"index","follow":"follow","max-snippet":"max-snippet:-1","max-image-preview":"max-image-preview:large","max-video-preview":"max-video-preview:-1"},"canonical":"https:\/\/kazaliaracalimsatim.net\/en\/cerez-politikamiz\/","og_locale":"en_US","og_type":"article","og_title":"Pert, A\u011f\u0131r Hasarl\u0131 ve Kazal\u0131 Ara\u00e7 Al\u0131m Sat\u0131m","og_description":"Pert, a\u011f\u0131r hasarl\u0131, kazal\u0131 ve sa\u011flam ara\u00e7 al\u0131m sat\u0131m\u0131. Uzman ekspertiz, \u015feffaf fiyat ve g\u00fcvenli sat\u0131\u015f garantisiyle arac\u0131n\u0131z\u0131 h\u0131zl\u0131ca sat\u0131n veya sat\u0131n!","og_url":"https:\/\/kazaliaracalimsatim.net\/en\/cerez-politikamiz\/","og_site_name":"Pert &amp; Hasarl\u0131 Ara\u00e7 Al\u0131m Sat\u0131m Platformu","article_modified_time":"2025-09-09T19:00:44+00:00","og_image":[{"width":512,"height":512,"url":"https:\/\/kazaliaracalimsatim.net\/wp-content\/uploads\/2025\/09\/cropped-Hasarli-Arac-Alim-Satim-favicon.png","type":"image\/png"}],"twitter_card":"summary_large_image","twitter_misc":{"Est. reading time":"3 minutes"},"schema":{"@context":"https:\/\/schema.org","@graph":[{"@type":"WebPage","@id":"https:\/\/kazaliaracalimsatim.net\/cerez-politikamiz\/","url":"https:\/\/kazaliaracalimsatim.net\/cerez-politikamiz\/","name":"Pert, A\u011f\u0131r Hasarl\u0131 ve Kazal\u0131 Ara\u00e7 Al\u0131m Sat\u0131m","isPartOf":{"@id":"https:\/\/kazaliaracalimsatim.net\/#website"},"primaryImageOfPage":{"@id":"https:\/\/kazaliaracalimsatim.net\/cerez-politikamiz\/#primaryimage"},"image":{"@id":"https:\/\/kazaliaracalimsatim.net\/cerez-politikamiz\/#primaryimage"},"thumbnailUrl":"https:\/\/kazaliaracalimsatim.net\/wp-content\/uploads\/2025\/09\/cropped-Hasarli-Arac-Alim-Satim-favicon.png","datePublished":"2025-08-09T23:16:27+00:00","dateModified":"2025-09-09T19:00:44+00:00","description":"Pert, a\u011f\u0131r hasarl\u0131, kazal\u0131 ve sa\u011flam ara\u00e7 al\u0131m sat\u0131m\u0131. Uzman ekspertiz, \u015feffaf fiyat ve g\u00fcvenli sat\u0131\u015f garantisiyle arac\u0131n\u0131z\u0131 h\u0131zl\u0131ca sat\u0131n veya sat\u0131n!","breadcrumb":{"@id":"https:\/\/kazaliaracalimsatim.net\/cerez-politikamiz\/#breadcrumb"},"inLanguage":"en-US","potentialAction":[{"@type":"ReadAction","target":["https:\/\/kazaliaracalimsatim.net\/cerez-politikamiz\/"]}]},{"@type":"ImageObject","inLanguage":"en-US","@id":"https:\/\/kazaliaracalimsatim.net\/cerez-politikamiz\/#primaryimage","url":"https:\/\/kazaliaracalimsatim.net\/wp-content\/uploads\/2025\/09\/cropped-Hasarli-Arac-Alim-Satim-favicon.png","contentUrl":"https:\/\/kazaliaracalimsatim.net\/wp-content\/uploads\/2025\/09\/cropped-Hasarli-Arac-Alim-Satim-favicon.png","width":512,"height":512},{"@type":"BreadcrumbList","@id":"https:\/\/kazaliaracalimsatim.net\/cerez-politikamiz\/#breadcrumb","itemListElement":[{"@type":"ListItem","position":1,"name":"Anasayfa","item":"https:\/\/kazaliaracalimsatim.net\/"},{"@type":"ListItem","position":2,"name":"\u00c7erez Politikam\u0131z"}]},{"@type":"WebSite","@id":"https:\/\/kazaliaracalimsatim.net\/#website","url":"https:\/\/kazaliaracalimsatim.net\/","name":"Pert &amp; Hasarl\u0131 Ara\u00e7 Al\u0131m Sat\u0131m Platformu","description":"A\u011f\u0131r hasarl\u0131 ara\u00e7 al\u0131m sat\u0131m\u0131nda uzman ekip.","potentialAction":[{"@type":"SearchAction","target":{"@type":"EntryPoint","urlTemplate":"https:\/\/kazaliaracalimsatim.net\/?s={search_term_string}"},"query-input":{"@type":"PropertyValueSpecification","valueRequired":true,"valueName":"search_term_string"}}],"inLanguage":"en-US"}]}},"_links":{"self":[{"href":"https:\/\/kazaliaracalimsatim.net\/en\/wp-json\/wp\/v2\/pages\/461","targetHints":{"allow":["GET"]}}],"collection":[{"href":"https:\/\/kazaliaracalimsatim.net\/en\/wp-json\/wp\/v2\/pages"}],"about":[{"href":"https:\/\/kazaliaracalimsatim.net\/en\/wp-json\/wp\/v2\/types\/page"}],"author":[{"embeddable":true,"href":"https:\/\/kazaliaracalimsatim.net\/en\/wp-json\/wp\/v2\/users\/1"}],"replies":[{"embeddable":true,"href":"https:\/\/kazaliaracalimsatim.net\/en\/wp-json\/wp\/v2\/comments?post=461"}],"version-history":[{"count":14,"href":"https:\/\/kazaliaracalimsatim.net\/en\/wp-json\/wp\/v2\/pages\/461\/revisions"}],"predecessor-version":[{"id":886,"href":"https:\/\/kazaliaracalimsatim.net\/en\/wp-json\/wp\/v2\/pages\/461\/revisions\/886"}],"wp:featuredmedia":[{"embeddable":true,"href":"https:\/\/kazaliaracalimsatim.net\/en\/wp-json\/wp\/v2\/media\/634"}],"wp:attachment":[{"href":"https:\/\/kazaliaracalimsatim.net\/en\/wp-json\/wp\/v2\/media?parent=461"}],"curies":[{"name":"wp","href":"https:\/\/api.w.org\/{rel}","templated":true}]}}